{"id":128,"date":"2026-02-15T18:59:40","date_gmt":"2026-02-15T17:59:40","guid":{"rendered":"https:\/\/edsinstytut.pl\/?page_id=128"},"modified":"2026-02-15T20:27:48","modified_gmt":"2026-02-15T19:27:48","slug":"diagnostyka","status":"publish","type":"page","link":"https:\/\/edsinstytut.pl\/?page_id=128","title":{"rendered":"Diagnostyka"},"content":{"rendered":"\t\t<div data-elementor-type=\"wp-page\" data-elementor-id=\"128\" class=\"elementor elementor-128\">\n\t\t\t\t<div class=\"elementor-element elementor-element-0385a3d e-con-full e-flex e-con e-parent\" data-id=\"0385a3d\" data-element_type=\"container\" data-e-type=\"container\">\n\t\t\t\t<div class=\"elementor-element elementor-element-7dd76ee elementor-widget elementor-widget-text-editor\" data-id=\"7dd76ee\" data-element_type=\"widget\" data-e-type=\"widget\" data-widget_type=\"text-editor.default\">\n\t\t\t\t\t\t\t\t\t<h4>Diagnoza EDS zostaje postawiona na podstawie objaw\u00f3w klinicznych (typ hipermobilny) lub test\u00f3w genetycznych (pozosta\u0142e typy).\u00a0<\/h4><h4>Hipermobilny EDS jako jedyny nie posiada odkrytej mutacji genetycznej. Pod poni\u017cej zamieszczonym linkiem znajduj\u0105 si\u0119 kryteria diagnostyczne ustanowione przez The Ehlers-Danlos Society: : <a href=\"https:\/\/www.ehlers-danlos.com\/wp-content\/uploads\/2019\/09\/hEDS-Dx-Criteria-checklist-1-Fillable-form.pdf\">https:\/\/www.ehlers-danlos.com\/wp-content\/uploads\/2019\/09\/hEDS-Dx-Criteria-checklist-1-Fillable-form.pdf<\/a><\/h4>\t\t\t\t\t\t\t\t<\/div>\n\t\t\t\t<\/div>\n\t\t<div class=\"elementor-element elementor-element-1193404 e-flex e-con-boxed e-con e-parent\" data-id=\"1193404\" data-element_type=\"container\" data-e-type=\"container\">\n\t\t\t\t\t<div class=\"e-con-inner\">\n\t\t<div class=\"elementor-element elementor-element-66b3afa e-con-full e-flex e-con e-child\" data-id=\"66b3afa\" data-element_type=\"container\" data-e-type=\"container\">\n\t\t\t\t<div class=\"elementor-element elementor-element-73648b2 elementor-widget elementor-widget-text-editor\" data-id=\"73648b2\" data-element_type=\"widget\" data-e-type=\"widget\" data-widget_type=\"text-editor.default\">\n\t\t\t\t\t\t\t\t\t<h4>Typy zespo\u0142u Ehlersa-Danlosa (EDS) klasyfikacja 2017 zgodnie z cz\u0119stotliwo\u015bci\u0105 wyst\u0119powania<\/h4><table><tbody><tr><td width=\"132\"><h4>Typ EDS<\/h4><\/td><td width=\"112\"><h4>Szacowana cz\u0119sto\u015b\u0107 wyst\u0119powania<\/h4><\/td><td width=\"72\"><h4>Gen(y)<\/h4><\/td><td width=\"74\"><h4>Bia\u0142ko(a)<\/h4><\/td><td width=\"95\"><h4>Dziedziczenie<\/h4><\/td><td width=\"120\"><h4>Charakterystyczne cechy kliniczne<\/h4><\/td><\/tr><tr><td width=\"132\"><h4>Hipermobilny (hEDS)<\/h4><\/td><td width=\"112\"><h4>1 : 3 100 \u2013 5 000<\/h4><\/td><td width=\"72\"><h4>Nieznany<\/h4><\/td><td width=\"74\"><h4>Nieznane<\/h4><\/td><td width=\"95\"><h4>Autosomalnie dominuj\u0105ce<\/h4><\/td><td width=\"120\"><h4>Uog\u00f3lniona nadmierna ruchomo\u015b\u0107 staw\u00f3w (GJH);<br \/>Niestabilno\u015b\u0107 stawowa, podwichni\u0119cia;<br \/>Przewlek\u0142y b\u00f3l mi\u0119\u015bniowo-szkieletowy;<br \/>Objawy dysautonomii, zaburzenia trzewne, zm\u0119czenie<\/h4><\/td><\/tr><tr><td width=\"132\"><h4>Klasyczny (cEDS)<\/h4><\/td><td width=\"112\"><h4>1 : 20 000 \u2013 40 000<\/h4><\/td><td width=\"72\"><h4>COL5A1, COL5A2, COL1A1<\/h4><\/td><td width=\"74\"><h4>Kolagen typu V, I<\/h4><\/td><td width=\"95\"><h4>Autosomalnie dominuj\u0105ce<\/h4><\/td><td width=\"120\"><h4>Sk\u00f3ra elastyczna, aksamitna, podatna na rozci\u0105ganie;<br \/>Rozleg\u0142e atroficzne blizny<\/h4><\/td><\/tr><tr><td width=\"132\"><h4>Naczyniowy (vEDS)<\/h4><\/td><td width=\"112\"><h4>1 : 100 000 \u2013 200 000<\/h4><\/td><td width=\"72\"><h4>COL3A1, COL1A1<\/h4><\/td><td width=\"74\"><h4>Kolagen typu III, I<\/h4><\/td><td width=\"95\"><h4>Autosomalnie dominuj\u0105ce<\/h4><\/td><td width=\"120\"><h4>Krucho\u015b\u0107 t\u0119tnic i narz\u0105d\u00f3w (perforacje, rozwarstwienia);<br \/>Cienka, prze\u015bwituj\u0105ca sk\u00f3ra;<br \/>Wczesne p\u0119kni\u0119cia macicy, jelit, t\u0119tnic<\/h4><\/td><\/tr><tr><td width=\"132\"><h4>Periodontologiczny (pEDS)<\/h4><\/td><td width=\"112\"><h4>&lt; 1 : 1 000 000<\/h4><\/td><td width=\"72\"><h4>C1R, C1S<\/h4><\/td><td width=\"74\"><h4>C1r, C1s<\/h4><\/td><td width=\"95\"><h4>Autosomalnie dominuj\u0105ce<\/h4><\/td><td width=\"120\"><h4>Wczesna, ci\u0119\u017cka choroba przyz\u0119bia;<br \/>Utrata z\u0119b\u00f3w;<br \/>Przebarwienia na przedniej cz\u0119\u015bci piszczeli<\/h4><\/td><\/tr><tr><td width=\"132\"><h4>Kifoskoliotyczny (kEDS)<\/h4><\/td><td width=\"112\"><h4>&lt; 1 : 1 000 000<\/h4><\/td><td width=\"72\"><h4>PLOD1, FKBP14<\/h4><\/td><td width=\"74\"><h4>LH1, FKBP22<\/h4><\/td><td width=\"95\"><h4>Autosomalnie recesywne<\/h4><\/td><td width=\"120\"><h4>Wrodzona hipotonia i kifoskolioza<\/h4><\/td><\/tr><tr><td width=\"132\"><h4>Spondylodysplastyczny (spEDS)<\/h4><\/td><td width=\"112\"><h4>&lt; 1 : 1 000 000<\/h4><\/td><td width=\"72\"><h4>B4GALT7, B3GALT6, SLC39A13<\/h4><\/td><td width=\"74\"><h4>\u03b24GalT7, \u03b23GalT6, ZIP13<\/h4><\/td><td width=\"95\"><h4>Autosomalnie recesywne<\/h4><\/td><td width=\"120\"><h4>Niski wzrost; Hipotonia; Skrzywienia ko\u0144czyn; Dysmorfia twarzy<\/h4><\/td><\/tr><tr><td width=\"132\"><h4>Zesp\u00f3\u0142 kruchej rog\u00f3wki (bCS)<\/h4><\/td><td width=\"112\"><h4>&lt; 1 : 1 000 000<\/h4><\/td><td width=\"72\"><h4>ZNF469, PRDM5<\/h4><\/td><td width=\"74\"><h4>ZNF469, PRDM5<\/h4><\/td><td width=\"95\"><h4>Autosomalnie recesywne<\/h4><\/td><td width=\"120\"><h4>Cienko\u015b\u0107 rog\u00f3wki; Ryzyko perforacji; Utrata s\u0142uchu<\/h4><\/td><\/tr><tr><td width=\"132\"><h4>Artrochalasja (aEDS)<\/h4><\/td><td width=\"112\"><h4>&lt; 1 : 1 000 000<\/h4><\/td><td width=\"72\"><h4>COL1A1, COL1A2<\/h4><\/td><td width=\"74\"><h4>Kolagen typu I<\/h4><\/td><td width=\"95\"><h4>Autosomalnie dominuj\u0105ce<\/h4><\/td><td width=\"120\"><h4>Znaczna nadmierna ruchomo\u015b\u0107 staw\u00f3w; Wrodzone zwichni\u0119cia bioder<\/h4><\/td><\/tr><tr><td width=\"132\"><h4>EDS z przykurczami mi\u0119\u015bniowymi (mcEDS)<\/h4><\/td><td width=\"112\"><h4>&lt; 1 : 1 000 000<\/h4><\/td><td width=\"72\"><h4>CHST14, DSE<\/h4><\/td><td width=\"74\"><h4>D4ST1, DSE<\/h4><\/td><td width=\"95\"><h4>Autosomalnie recesywne<\/h4><\/td><td width=\"120\"><h4>Wrodzone przykurcze; Cechy dysmorfii twarzy; Sk\u00f3ra cienka i wiotka<\/h4><\/td><\/tr><tr><td width=\"132\"><h4>Podobny do klasycznego (clEDS)<\/h4><\/td><td width=\"112\"><h4>&lt; 1 : 1 000 000<\/h4><\/td><td width=\"72\"><h4>TNXB<\/h4><\/td><td width=\"74\"><h4>Tenascyna XB<\/h4><\/td><td width=\"95\"><h4>Autosomalnie recesywne<\/h4><\/td><td width=\"120\"><h4>Elastyczna, aksamitna sk\u00f3ra bez atroficznych blizn; Obrz\u0119ki, deformacje st\u00f3p<\/h4><\/td><\/tr><tr><td width=\"132\"><h4>Sk\u00f3rny (dEDS)<\/h4><\/td><td width=\"112\"><h4>&lt; 1 : 1 000 000<\/h4><\/td><td width=\"72\"><h4>ADAMTS2<\/h4><\/td><td width=\"74\"><h4>ADAMTS-2<\/h4><\/td><td width=\"95\"><h4>Autosomalnie recesywne<\/h4><\/td><td width=\"120\"><h4>Krucho\u015b\u0107 sk\u00f3ry, lu\u017ana i wiotka sk\u00f3ra; Kr\u00f3tkie ko\u0144czyny; Dysmorfia twarzy; Znaczne siniaczenie<\/h4><\/td><\/tr><tr><td width=\"132\"><h4>Miopatyczny (mEDS)<\/h4><\/td><td width=\"112\"><h4>&lt; 1 : 1 000 000<\/h4><\/td><td width=\"72\"><h4>COL12A1<\/h4><\/td><td width=\"74\"><h4>Kolagen typu XII<\/h4><\/td><td width=\"95\"><h4>Autosomalnie dominuj\u0105ce lub recesywne<\/h4><\/td><td width=\"120\"><h4>Wrodzona hipotonia; Przykurcze staw\u00f3w proksymalnych; Hipermobilno\u015b\u0107 dystalna<\/h4><\/td><\/tr><tr><td width=\"132\"><h4>Sercowo-zastawkowy (cvEDS)<\/h4><\/td><td width=\"112\"><h4>&lt; 1 : 1 000 000<\/h4><\/td><td width=\"72\"><h4>COL1A2<\/h4><\/td><td width=\"74\"><h4>Kolagen typu I<\/h4><\/td><td width=\"95\"><h4>Autosomalnie recesywne<\/h4><\/td><td width=\"120\"><h4>Ci\u0119\u017cka niewydolno\u015b\u0107 zastawek serc<\/h4><\/td><\/tr><\/tbody><\/table>\t\t\t\t\t\t\t\t<\/div>\n\t\t\t\t<\/div>\n\t\t\t\t\t<\/div>\n\t\t\t\t<\/div>\n\t\t<div class=\"elementor-element elementor-element-3de6d3a e-flex e-con-boxed e-con e-parent\" data-id=\"3de6d3a\" data-element_type=\"container\" data-e-type=\"container\">\n\t\t\t\t\t<div class=\"e-con-inner\">\n\t\t\t\t<div class=\"elementor-element elementor-element-be3178a elementor-widget elementor-widget-heading\" data-id=\"be3178a\" data-element_type=\"widget\" data-e-type=\"widget\" data-widget_type=\"heading.default\">\n\t\t\t\t\t<h3 class=\"elementor-heading-title elementor-size-default\">Klasyfikacja HSD<\/h3>\t\t\t\t<\/div>\n\t\t\t\t\t<\/div>\n\t\t\t\t<\/div>\n\t\t<div class=\"elementor-element elementor-element-8eac395 e-flex e-con-boxed e-con e-parent\" data-id=\"8eac395\" data-element_type=\"container\" data-e-type=\"container\">\n\t\t\t\t\t<div class=\"e-con-inner\">\n\t\t\t\t<div class=\"elementor-element elementor-element-b9e6fa3 elementor-widget elementor-widget-text-editor\" data-id=\"b9e6fa3\" data-element_type=\"widget\" data-e-type=\"widget\" data-widget_type=\"text-editor.default\">\n\t\t\t\t\t\t\t\t\t<h4>\u00a0Uog\u00f3lnione zaburzenie ze spektrum hipermobilno\u015bci (gHSD): oceniane za pomoc\u0105 skali Beightona, wraz z obecno\u015bci\u0105 wt\u00f3rnych objaw\u00f3w mi\u0119\u015bniowo-szkieletowych (wymienionych poni\u017cej).<\/h4><h4>Obwodowe zaburzenie ze spektrum hipermobilno\u015bci (pHSD): hipermobilno\u015b\u0107 staw\u00f3w r\u0105k i st\u00f3p oraz co najmniej jeden objaw mi\u0119\u015bniowo-szkieletowy (wymieniony poni\u017cej).<\/h4><h4>Zlokalizowane zaburzenie ze spektrum hipermobilno\u015bci (lHSD): hipermobilno\u015b\u0107 pojedynczego stawu lub grupy staw\u00f3w, z jednym lub wi\u0119ksz\u0105 liczb\u0105 wt\u00f3rnych objaw\u00f3w mi\u0119\u015bniowo-szkieletowych (wymienionych poni\u017cej).<\/h4><h4>Historyczne zaburzenie ze spektrum hipermobilno\u015bci (hHSD): zg\u0142aszane s\u0105 objawy gHSD, jednak osoba nie jest ju\u017c tak hipermobilna, poniewa\u017c stawy usztywni\u0142y si\u0119 z wiekiem, w wyniku urazu lub operacji itp.<\/h4><h4>Bezobjawowa hipermobilno\u015b\u0107: hipermobilno\u015b\u0107 jest obecna, ale bez wyst\u0119powania objaw\u00f3w.<\/h4><h4>Wt\u00f3rne objawy mi\u0119\u015bniowo-szkieletowe:<\/h4><ul><li><h4>B\u00f3l<\/h4><\/li><li><h4>Urazy mi\u0119\u015bniowo-szkieletowe \/ tkanek mi\u0119kkich, w tym zwichni\u0119cia, podwichni\u0119cia, uszkodzenia tkanek mi\u0119kkich oraz mikrourazy. Mikrourazy to uszkodzenia powstaj\u0105ce w wyniku cz\u0119stego, powtarzanego obci\u0105\u017cania mi\u0119\u015bni, \u015bci\u0119gien, wi\u0119zade\u0142, staw\u00f3w i ko\u015bci. Obejmuj\u0105 one m.in. drobne naderwania w\u0142\u00f3kien i tkanki \u0142\u0105cznej mi\u0119\u015bni, skr\u0119cenia wi\u0119zade\u0142, naci\u0105gni\u0119cia mi\u0119\u015bni czy nadmierne rozci\u0105gni\u0119cie \u015bci\u0119gien.<\/h4><\/li><li><h4>Zaburzenia propriocepcji \u2013 czyli os\u0142abione czucie po\u0142o\u017cenia w\u0142asnego cia\u0142a w przestrzeni oraz wysi\u0142ku potrzebnego do wykonania ruchu. Cz\u0119sto bywa to mylone z \u201eniezdarno\u015bci\u0105\u201d.<\/h4><\/li><\/ul><ul><li><h4>Inne cechy mi\u0119\u015bniowo-szkieletowe\/ortopedyczne, kt\u00f3re mog\u0105 by\u0107 zwi\u0105zane z oddzia\u0142ywaniem bardziej elastycznych tkanek i si\u0142 mechanicznych w trakcie wzrostu \u2013 takie jak elastyczne p\u0142askostopie, nieprawid\u0142owe ustawienie ko\u015bci w obr\u0119bie \u0142okci lub palc\u00f3w oraz skrzywienia kr\u0119gos\u0142upa.<\/h4><\/li><\/ul>\t\t\t\t\t\t\t\t<\/div>\n\t\t\t\t\t<\/div>\n\t\t\t\t<\/div>\n\t\t<div class=\"elementor-element elementor-element-702dcd6 e-flex e-con-boxed e-con e-parent\" data-id=\"702dcd6\" data-element_type=\"container\" data-e-type=\"container\">\n\t\t\t\t\t<div class=\"e-con-inner\">\n\t\t\t\t<div class=\"elementor-element elementor-element-4722f5f elementor-widget elementor-widget-heading\" data-id=\"4722f5f\" data-element_type=\"widget\" data-e-type=\"widget\" data-widget_type=\"heading.default\">\n\t\t\t\t\t<h3 class=\"elementor-heading-title elementor-size-default\">Skala Beightona<\/h3>\t\t\t\t<\/div>\n\t\t\t\t\t<\/div>\n\t\t\t\t<\/div>\n\t\t<div class=\"elementor-element elementor-element-2da33e2 e-flex e-con-boxed e-con e-parent\" data-id=\"2da33e2\" data-element_type=\"container\" data-e-type=\"container\">\n\t\t\t\t\t<div class=\"e-con-inner\">\n\t\t\t\t<div class=\"elementor-element elementor-element-f925308 elementor-widget elementor-widget-text-editor\" data-id=\"f925308\" data-element_type=\"widget\" data-e-type=\"widget\" data-widget_type=\"text-editor.default\">\n\t\t\t\t\t\t\t\t\t<h4>Obejmuje:<\/h4><h4>2 pkt za wyprost wi\u0119kszy ni\u017c 90stopni ma\u0142ego palca (po 1 na ka\u017cdy palec)<\/h4><h4>2pkt za dotkni\u0119cie kciukami przedramienia<\/h4><h4>2pkt za wyprost kolan wi\u0119kszy ni\u017c 180stopni<\/h4><h4>2pkt za wyprost \u0142okcia 10stopni wi\u0119kszy ni\u017c 180<\/h4><h4>1pkt za dotkni\u0119cie d\u0142o\u0144mi pod\u0142ogi<\/h4><h4>Warto mie\u0107 na uwadze, \u017ce skala Beightona ogarnicza si\u0119 do ma\u0142ej liczby staw\u00f3w z czego a\u017c 4 punkty dotycz\u0105 staw\u00f3w d\u0142oni, kt\u00f3re z czasem pod wp\u0142ywem innych proces\u00f3w chorobowych mog\u0105 si\u0119 usztywnia\u0107.<\/h4>\t\t\t\t\t\t\t\t<\/div>\n\t\t\t\t\t<\/div>\n\t\t\t\t<\/div>\n\t\t<div class=\"elementor-element elementor-element-3dd7730 e-flex e-con-boxed e-con e-parent\" data-id=\"3dd7730\" data-element_type=\"container\" data-e-type=\"container\">\n\t\t\t\t\t<div class=\"e-con-inner\">\n\t\t\t\t<div class=\"elementor-element elementor-element-b1586a1 elementor-widget elementor-widget-image\" data-id=\"b1586a1\" data-element_type=\"widget\" data-e-type=\"widget\" data-widget_type=\"image.default\">\n\t\t\t\t\t\t\t\t\t\t\t\t\t\t\t<img fetchpriority=\"high\" decoding=\"async\" width=\"1024\" height=\"934\" src=\"https:\/\/edsinstytut.pl\/wp-content\/uploads\/2026\/02\/Gemini_Generated_Image_m6hsbzm6hsbzm6hs-1-1024x934.png\" class=\"attachment-large size-large wp-image-135\" alt=\"\" srcset=\"https:\/\/edsinstytut.pl\/wp-content\/uploads\/2026\/02\/Gemini_Generated_Image_m6hsbzm6hsbzm6hs-1-1024x934.png 1024w, https:\/\/edsinstytut.pl\/wp-content\/uploads\/2026\/02\/Gemini_Generated_Image_m6hsbzm6hsbzm6hs-1-300x273.png 300w, https:\/\/edsinstytut.pl\/wp-content\/uploads\/2026\/02\/Gemini_Generated_Image_m6hsbzm6hsbzm6hs-1-768x700.png 768w, https:\/\/edsinstytut.pl\/wp-content\/uploads\/2026\/02\/Gemini_Generated_Image_m6hsbzm6hsbzm6hs-1-1536x1400.png 1536w, https:\/\/edsinstytut.pl\/wp-content\/uploads\/2026\/02\/Gemini_Generated_Image_m6hsbzm6hsbzm6hs-1.png 2048w\" sizes=\"(max-width: 1024px) 100vw, 1024px\" \/>\t\t\t\t\t\t\t\t\t\t\t\t\t\t\t<\/div>\n\t\t\t\t\t<\/div>\n\t\t\t\t<\/div>\n\t\t\t\t<\/div>\n\t\t","protected":false},"excerpt":{"rendered":"<p>Diagnoza EDS zostaje postawiona na podstawie objaw\u00f3w klinicznych (typ hipermobilny) lub test\u00f3w genetycznych (pozosta\u0142e typy).\u00a0 Hipermobilny EDS jako jedyny nie posiada odkrytej mutacji genetycznej. Pod poni\u017cej zamieszczonym linkiem znajduj\u0105 si\u0119 kryteria diagnostyczne ustanowione przez The Ehlers-Danlos Society: : https:\/\/www.ehlers-danlos.com\/wp-content\/uploads\/2019\/09\/hEDS-Dx-Criteria-checklist-1-Fillable-form.pdf Typy zespo\u0142u Ehlersa-Danlosa (EDS) klasyfikacja 2017 zgodnie z cz\u0119stotliwo\u015bci\u0105 wyst\u0119powania Typ EDS Szacowana cz\u0119sto\u015b\u0107 wyst\u0119powania Gen(y) [&hellip;]<\/p>\n","protected":false},"author":1,"featured_media":0,"parent":26,"menu_order":1,"comment_status":"closed","ping_status":"closed","template":"","meta":{"footnotes":""},"class_list":["post-128","page","type-page","status-publish","hentry"],"_links":{"self":[{"href":"https:\/\/edsinstytut.pl\/index.php?rest_route=\/wp\/v2\/pages\/128","targetHints":{"allow":["GET"]}}],"collection":[{"href":"https:\/\/edsinstytut.pl\/index.php?rest_route=\/wp\/v2\/pages"}],"about":[{"href":"https:\/\/edsinstytut.pl\/index.php?rest_route=\/wp\/v2\/types\/page"}],"author":[{"embeddable":true,"href":"https:\/\/edsinstytut.pl\/index.php?rest_route=\/wp\/v2\/users\/1"}],"replies":[{"embeddable":true,"href":"https:\/\/edsinstytut.pl\/index.php?rest_route=%2Fwp%2Fv2%2Fcomments&post=128"}],"version-history":[{"count":16,"href":"https:\/\/edsinstytut.pl\/index.php?rest_route=\/wp\/v2\/pages\/128\/revisions"}],"predecessor-version":[{"id":212,"href":"https:\/\/edsinstytut.pl\/index.php?rest_route=\/wp\/v2\/pages\/128\/revisions\/212"}],"up":[{"embeddable":true,"href":"https:\/\/edsinstytut.pl\/index.php?rest_route=\/wp\/v2\/pages\/26"}],"wp:attachment":[{"href":"https:\/\/edsinstytut.pl\/index.php?rest_route=%2Fwp%2Fv2%2Fmedia&parent=128"}],"curies":[{"name":"wp","href":"https:\/\/api.w.org\/{rel}","templated":true}]}}