{"id":44,"date":"2026-02-13T14:04:30","date_gmt":"2026-02-13T13:04:30","guid":{"rendered":"https:\/\/edsinstytut.pl\/?page_id=44"},"modified":"2026-02-16T21:05:11","modified_gmt":"2026-02-16T20:05:11","slug":"kontakt","status":"publish","type":"page","link":"https:\/\/edsinstytut.pl\/?page_id=44","title":{"rendered":"Kontakt"},"content":{"rendered":"\t\t<div data-elementor-type=\"wp-page\" data-elementor-id=\"44\" class=\"elementor elementor-44\">\n\t\t\t\t<div class=\"elementor-element elementor-element-946b7da e-con-full e-flex e-con e-parent\" data-id=\"946b7da\" data-element_type=\"container\" data-e-type=\"container\">\n\t\t<div class=\"elementor-element elementor-element-c1d3ea9 e-con-full e-flex e-con e-child\" data-id=\"c1d3ea9\" data-element_type=\"container\" data-e-type=\"container\">\n\t\t\t\t<div class=\"elementor-element elementor-element-75bfdcf elementor-widget elementor-widget-text-editor\" data-id=\"75bfdcf\" data-element_type=\"widget\" data-e-type=\"widget\" data-widget_type=\"text-editor.default\">\n\t\t\t\t\t\t\t\t\t<p>\u00a0<\/p><p><strong>Sanatio Kinga Oracz<\/strong><\/p><p><strong>Krak\u00f3w ul. Na B\u0142oniach 1<\/strong><\/p><p><strong>tel. 508752416<\/strong><\/p><p><strong>sanatio.ko@gmail.com<\/strong><\/p>\t\t\t\t\t\t\t\t<\/div>\n\t\t\t\t<\/div>\n\t\t<div class=\"elementor-element elementor-element-b9dcafd e-con-full e-flex e-con e-child\" data-id=\"b9dcafd\" data-element_type=\"container\" data-e-type=\"container\">\n\t\t\t\t<div class=\"elementor-element elementor-element-292edfe elementor-widget elementor-widget-image\" data-id=\"292edfe\" data-element_type=\"widget\" data-e-type=\"widget\" data-widget_type=\"image.default\">\n\t\t\t\t\t\t\t\t\t\t\t\t\t\t\t<img fetchpriority=\"high\" decoding=\"async\" width=\"300\" height=\"300\" src=\"https:\/\/edsinstytut.pl\/wp-content\/uploads\/2026\/02\/cover-300x300.jpg\" class=\"attachment-medium size-medium wp-image-287\" alt=\"\" srcset=\"https:\/\/edsinstytut.pl\/wp-content\/uploads\/2026\/02\/cover-300x300.jpg 300w, https:\/\/edsinstytut.pl\/wp-content\/uploads\/2026\/02\/cover-1024x1024.jpg 1024w, https:\/\/edsinstytut.pl\/wp-content\/uploads\/2026\/02\/cover-150x150.jpg 150w, https:\/\/edsinstytut.pl\/wp-content\/uploads\/2026\/02\/cover-768x768.jpg 768w, https:\/\/edsinstytut.pl\/wp-content\/uploads\/2026\/02\/cover-1536x1536.jpg 1536w, https:\/\/edsinstytut.pl\/wp-content\/uploads\/2026\/02\/cover.jpg 2000w\" sizes=\"(max-width: 300px) 100vw, 300px\" \/>\t\t\t\t\t\t\t\t\t\t\t\t\t\t\t<\/div>\n\t\t\t\t<\/div>\n\t\t\t\t<\/div>\n\t\t<div class=\"elementor-element elementor-element-044f914 e-flex e-con-boxed e-con e-parent\" data-id=\"044f914\" data-element_type=\"container\" data-e-type=\"container\">\n\t\t\t\t\t<div class=\"e-con-inner\">\n\t\t<div class=\"elementor-element elementor-element-53a1404 e-con-full e-flex e-con e-child\" data-id=\"53a1404\" data-element_type=\"container\" data-e-type=\"container\">\n\t\t\t\t<div class=\"elementor-element elementor-element-d5ccc61 elementor-widget elementor-widget-image\" data-id=\"d5ccc61\" data-element_type=\"widget\" data-e-type=\"widget\" data-widget_type=\"image.default\">\n\t\t\t\t\t\t\t\t\t\t\t\t\t\t\t<img decoding=\"async\" src=\"https:\/\/edsinstytut.pl\/wp-content\/plugins\/elementor\/assets\/images\/placeholder.png\" title=\"\" alt=\"\" loading=\"lazy\" \/>\t\t\t\t\t\t\t\t\t\t\t\t\t\t\t<\/div>\n\t\t\t\t<\/div>\n\t\t\t\t<div class=\"elementor-element elementor-element-c57bb5a elementor-widget elementor-widget-text-editor\" data-id=\"c57bb5a\" data-element_type=\"widget\" data-e-type=\"widget\" data-widget_type=\"text-editor.default\">\n\t\t\t\t\t\t\t\t\t<p><strong>Rafa\u0142 Wysocki\u00a0<\/strong><\/p><p><strong>Kliniki Wysocki<\/strong><\/p><p><strong>Katowice ul. Pstr\u0105gowa 11a<\/strong><\/p><p><strong>tel. 507 139 404<\/strong><\/p><p><strong>wysocki.praktyka@gmail.com<\/strong><\/p>\t\t\t\t\t\t\t\t<\/div>\n\t\t\t\t\t<\/div>\n\t\t\t\t<\/div>\n\t\t\t\t<\/div>\n\t\t","protected":false},"excerpt":{"rendered":"<p>\u00a0 Sanatio Kinga Oracz Krak\u00f3w ul. Na B\u0142oniach 1 tel. 508752416 sanatio.ko@gmail.com Rafa\u0142 Wysocki\u00a0 Kliniki Wysocki Katowice ul. Pstr\u0105gowa 11a tel. 507 139 404 wysocki.praktyka@gmail.com<\/p>\n","protected":false},"author":1,"featured_media":0,"parent":0,"menu_order":4,"comment_status":"closed","ping_status":"closed","template":"","meta":{"footnotes":""},"class_list":["post-44","page","type-page","status-publish","hentry"],"_links":{"self":[{"href":"https:\/\/edsinstytut.pl\/index.php?rest_route=\/wp\/v2\/pages\/44","targetHints":{"allow":["GET"]}}],"collection":[{"href":"https:\/\/edsinstytut.pl\/index.php?rest_route=\/wp\/v2\/pages"}],"about":[{"href":"https:\/\/edsinstytut.pl\/index.php?rest_route=\/wp\/v2\/types\/page"}],"author":[{"embeddable":true,"href":"https:\/\/edsinstytut.pl\/index.php?rest_route=\/wp\/v2\/users\/1"}],"replies":[{"embeddable":true,"href":"https:\/\/edsinstytut.pl\/index.php?rest_route=%2Fwp%2Fv2%2Fcomments&post=44"}],"version-history":[{"count":7,"href":"https:\/\/edsinstytut.pl\/index.php?rest_route=\/wp\/v2\/pages\/44\/revisions"}],"predecessor-version":[{"id":305,"href":"https:\/\/edsinstytut.pl\/index.php?rest_route=\/wp\/v2\/pages\/44\/revisions\/305"}],"wp:attachment":[{"href":"https:\/\/edsinstytut.pl\/index.php?rest_route=%2Fwp%2Fv2%2Fmedia&parent=44"}],"curies":[{"name":"wp","href":"https:\/\/api.w.org\/{rel}","templated":true}]}}